{"id":8299,"date":"2025-09-12T10:09:42","date_gmt":"2025-09-12T10:09:42","guid":{"rendered":"https:\/\/estadesign.ee\/privaatsuspoliitika\/"},"modified":"2025-09-26T07:57:42","modified_gmt":"2025-09-26T07:57:42","slug":"privaatsuspoliitika","status":"publish","type":"page","link":"https:\/\/estadesign.ee\/ru\/privaatsuspoliitika\/","title":{"rendered":"\u041f\u043e\u043b\u0438\u0442\u0438\u043a\u0430 \u043f\u0440\u0438\u0432\u0430\u0442\u043d\u043e\u0441\u0442\u0438"},"content":{"rendered":"\t\t<div data-elementor-type=\"wp-page\" data-elementor-id=\"8299\" class=\"elementor elementor-8299 elementor-7253\" data-elementor-post-type=\"page\">\n\t\t\t\t<div class=\"elementor-element elementor-element-f1f8e43 e-flex e-con-boxed e-con e-parent\" data-id=\"f1f8e43\" data-element_type=\"container\">\n\t\t\t\t\t<div class=\"e-con-inner\">\n\t\t\t\t<div class=\"elementor-element elementor-element-a73c587 elementor-widget elementor-widget-heading\" data-id=\"a73c587\" data-element_type=\"widget\" data-widget_type=\"heading.default\">\n\t\t\t\t\t<h2 class=\"elementor-heading-title elementor-size-default\">Privaatsuspoliitika\n<\/h2>\t\t\t\t<\/div>\n\t\t\t\t<div class=\"elementor-element elementor-element-1857483 elementor-widget elementor-widget-text-editor\" data-id=\"1857483\" data-element_type=\"widget\" data-widget_type=\"text-editor.default\">\n\t\t\t\t\t\t\t\t\t<ol>\n<li><strong> \u00dcldtingimused<\/strong><\/li>\n<\/ol>\n<p>K\u00e4esolevad privaatsustingimused selgitavad, kuidas Technomar &amp; Adrem AS (edaspidi <strong>ettev\u00f5te<\/strong>) kogub, kasutab ja kaitseb Teie isikuandmeid,&nbsp;<\/p><p>kui kasutate meie veebilehte v\u00f5i tellite meie tooteid.<\/p><p><br><\/p>\n<ol start=\"2\">\n<li><strong> Kogutavad andmed<\/strong><\/li>\n<\/ol>\n<p>Ettev\u00f5te v\u00f5ib koguda ja t\u00f6\u00f6delda j\u00e4rgmisi andmeid:<\/p>\n<ul>\n<li>nimi, telefoninumber, e-posti aadress, tarne- ja arveaadress;<\/li>\n<li>makseviis ja arveldamiseks vajalik info;<\/li>\n<li>tellimuse t\u00e4itmiseks vajalikud andmed (tooteinfo, kohaletoimetamise aadress);<\/li>\n<li>veebilehe kasutamise info (IP-aadress, brauseri t\u00fc\u00fcp, k\u00fcpsised).<\/li>\n<\/ul>\n<ol start=\"3\">\n<li><strong> Andmete kasutamine<\/strong><\/li>\n<\/ol>\n<p>Isikuandmeid kasutatakse j\u00e4rgmistel eesm\u00e4rkidel:<\/p>\n<ul>\n<li>tellimuste t\u00f6\u00f6tlemine ja kohaletoimetamine;<\/li>\n<li>arveldamine ja maksete haldamine;<\/li>\n<li>klienditeeninduse pakkumine;<\/li>\n<li>veebilehe parendamine ja kasutajakogemuse anal\u00fc\u00fcs;<\/li>\n<li>turundus- ja pakkumiskirjade saatmine ainult kliendi n\u00f5usolekul.<\/li>\n<\/ul>\n<ol start=\"4\">\n<li><strong> Andmete hoiustamine ja kaitse<\/strong><\/li>\n<\/ol>\n<ul>\n<li>Andmeid hoitakse turvalistes serverites Euroopa Liidu piires.<\/li>\n<li>Juurdep\u00e4\u00e4s andmetele on ainult volitatud t\u00f6\u00f6tajatel.<\/li>\n<li>Kasutame tehnilisi ja organisatsioonilisi meetmeid, et kaitsta andmeid kaotsimineku, v\u00e4\u00e4rkasutuse v\u00f5i loata ligip\u00e4\u00e4su eest.<\/li>\n<\/ul>\n<ol start=\"5\">\n<li><strong> Andmete edastamine kolmandatele isikutele<\/strong><\/li>\n<\/ol>\n<p>Isikuandmeid v\u00f5idakse edastada:<\/p>\n<ul>\n<li>logistikapartneritele ja transpordifirmadele tellimuste kohaletoimetamiseks;<\/li>\n<li>raamatupidamise- ja makseteenuse pakkujatele;<\/li>\n<li>ametiasutustele ainult seadusest tulenevatel juhtudel.<\/li>\n<\/ul>\n<ol start=\"6\">\n<li><strong> K\u00fcpsised<\/strong><\/li>\n<\/ol>\n<p>Meie veebileht kasutab k\u00fcpsiseid, et parandada kasutajakogemust ja anal\u00fc\u00fcsida liiklust.&nbsp;<\/p><p>Soovi korral saab k\u00fcpsiste kasutamise keelata oma brauseri seadetes, kuid see v\u00f5ib m\u00f5jutada veebilehe funktsionaalsust.<\/p><p><br><\/p>\n<ol start=\"7\">\n<li><strong> Kasutaja \u00f5igused<\/strong><\/li>\n<\/ol>\n<p>Teil on \u00f5igus:<\/p>\n<ul>\n<li>saada teavet oma andmete kohta;<\/li>\n<li>n\u00f5uda eba\u00f5igete andmete parandamist v\u00f5i kustutamist;<\/li>\n<li>piirata andmete t\u00f6\u00f6tlemist v\u00f5i v\u00f5tta tagasi oma n\u00f5usolek;<\/li>\n<li>esitada kaebus Andmekaitse Inspektsioonile.<\/li>\n<\/ul>\n<ol start=\"8\">\n<li><strong> Kontakt<\/strong><\/li>\n<\/ol>\n<p>Kui Teil tekib k\u00fcsimusi isikuandmete t\u00f6\u00f6tlemise v\u00f5i privaatsustingimuste kohta, v\u00f5tke meiega \u00fchendust: <a href=\"mailto:info@estadesign.ee\">info@estadesign.ee<\/a><\/p>\t\t\t\t\t\t\t\t<\/div>\n\t\t\t\t\t<\/div>\n\t\t\t\t<\/div>\n\t\t\t\t<\/div>\n\t\t","protected":false},"excerpt":{"rendered":"<p>Privaatsuspoliitika \u00dcldtingimused K\u00e4esolevad privaatsustingimused selgitavad, kuidas Technomar &amp; Adrem AS (edaspidi ettev\u00f5te) kogub, kasutab ja kaitseb Teie isikuandmeid,&nbsp; kui kasutate meie veebilehte v\u00f5i tellite meie tooteid. Kogutavad andmed Ettev\u00f5te v\u00f5ib koguda ja t\u00f6\u00f6delda j\u00e4rgmisi andmeid: nimi, telefoninumber, e-posti aadress, tarne- ja arveaadress; makseviis ja arveldamiseks vajalik info; tellimuse t\u00e4itmiseks vajalikud andmed (tooteinfo, kohaletoimetamise aadress); veebilehe [&#8230;]<\/p>\n<p><a class=\"btn btn-secondary understrap-read-more-link\" href=\"https:\/\/estadesign.ee\/ru\/privaatsuspoliitika\/\">Read More&#8230;<span class=\"screen-reader-text\"> from \u041f\u043e\u043b\u0438\u0442\u0438\u043a\u0430 \u043f\u0440\u0438\u0432\u0430\u0442\u043d\u043e\u0441\u0442\u0438<\/span><\/a><\/p>\n","protected":false},"author":5,"featured_media":0,"parent":0,"menu_order":0,"comment_status":"closed","ping_status":"closed","template":"","meta":{"_acf_changed":false,"footnotes":""},"class_list":["post-8299","page","type-page","status-publish","hentry"],"acf":[],"yoast_head":"<!-- This site is optimized with the Yoast SEO plugin v27.4 - https:\/\/yoast.com\/product\/yoast-seo-wordpress\/ -->\n<title>\u041f\u043e\u043b\u0438\u0442\u0438\u043a\u0430 \u043f\u0440\u0438\u0432\u0430\u0442\u043d\u043e\u0441\u0442\u0438 - Estadesign<\/title>\n<meta name=\"robots\" content=\"index, follow, max-snippet:-1, max-image-preview:large, max-video-preview:-1\" \/>\n<link rel=\"canonical\" href=\"https:\/\/estadesign.ee\/ru\/privaatsuspoliitika\/\" \/>\n<meta property=\"og:locale\" content=\"ru_RU\" \/>\n<meta property=\"og:type\" content=\"article\" \/>\n<meta property=\"og:title\" content=\"\u041f\u043e\u043b\u0438\u0442\u0438\u043a\u0430 \u043f\u0440\u0438\u0432\u0430\u0442\u043d\u043e\u0441\u0442\u0438 - Estadesign\" \/>\n<meta property=\"og:description\" content=\"Privaatsuspoliitika \u00dcldtingimused K\u00e4esolevad privaatsustingimused selgitavad, kuidas Technomar &amp; Adrem AS (edaspidi ettev\u00f5te) kogub, kasutab ja kaitseb Teie isikuandmeid,&nbsp; kui kasutate meie veebilehte v\u00f5i tellite meie tooteid. Kogutavad andmed Ettev\u00f5te v\u00f5ib koguda ja t\u00f6\u00f6delda j\u00e4rgmisi andmeid: nimi, telefoninumber, e-posti aadress, tarne- ja arveaadress; makseviis ja arveldamiseks vajalik info; tellimuse t\u00e4itmiseks vajalikud andmed (tooteinfo, kohaletoimetamise aadress); veebilehe [...]Read More... from \u041f\u043e\u043b\u0438\u0442\u0438\u043a\u0430 \u043f\u0440\u0438\u0432\u0430\u0442\u043d\u043e\u0441\u0442\u0438\" \/>\n<meta property=\"og:url\" content=\"https:\/\/estadesign.ee\/ru\/privaatsuspoliitika\/\" \/>\n<meta property=\"og:site_name\" content=\"Estadesign\" \/>\n<meta property=\"article:modified_time\" content=\"2025-09-26T07:57:42+00:00\" \/>\n<meta name=\"twitter:card\" content=\"summary_large_image\" \/>\n<meta name=\"twitter:label1\" content=\"\u041f\u0440\u0438\u043c\u0435\u0440\u043d\u043e\u0435 \u0432\u0440\u0435\u043c\u044f \u0434\u043b\u044f \u0447\u0442\u0435\u043d\u0438\u044f\" \/>\n\t<meta name=\"twitter:data1\" content=\"1 \u043c\u0438\u043d\u0443\u0442\u0430\" \/>\n<!-- \/ Yoast SEO plugin. -->","yoast_head_json":{"title":"\u041f\u043e\u043b\u0438\u0442\u0438\u043a\u0430 \u043f\u0440\u0438\u0432\u0430\u0442\u043d\u043e\u0441\u0442\u0438 - Estadesign","robots":{"index":"index","follow":"follow","max-snippet":"max-snippet:-1","max-image-preview":"max-image-preview:large","max-video-preview":"max-video-preview:-1"},"canonical":"https:\/\/estadesign.ee\/ru\/privaatsuspoliitika\/","og_locale":"ru_RU","og_type":"article","og_title":"\u041f\u043e\u043b\u0438\u0442\u0438\u043a\u0430 \u043f\u0440\u0438\u0432\u0430\u0442\u043d\u043e\u0441\u0442\u0438 - Estadesign","og_description":"Privaatsuspoliitika \u00dcldtingimused K\u00e4esolevad privaatsustingimused selgitavad, kuidas Technomar &amp; Adrem AS (edaspidi ettev\u00f5te) kogub, kasutab ja kaitseb Teie isikuandmeid,&nbsp; kui kasutate meie veebilehte v\u00f5i tellite meie tooteid. Kogutavad andmed Ettev\u00f5te v\u00f5ib koguda ja t\u00f6\u00f6delda j\u00e4rgmisi andmeid: nimi, telefoninumber, e-posti aadress, tarne- ja arveaadress; makseviis ja arveldamiseks vajalik info; tellimuse t\u00e4itmiseks vajalikud andmed (tooteinfo, kohaletoimetamise aadress); veebilehe [...]Read More... from \u041f\u043e\u043b\u0438\u0442\u0438\u043a\u0430 \u043f\u0440\u0438\u0432\u0430\u0442\u043d\u043e\u0441\u0442\u0438","og_url":"https:\/\/estadesign.ee\/ru\/privaatsuspoliitika\/","og_site_name":"Estadesign","article_modified_time":"2025-09-26T07:57:42+00:00","twitter_card":"summary_large_image","twitter_misc":{"\u041f\u0440\u0438\u043c\u0435\u0440\u043d\u043e\u0435 \u0432\u0440\u0435\u043c\u044f \u0434\u043b\u044f \u0447\u0442\u0435\u043d\u0438\u044f":"1 \u043c\u0438\u043d\u0443\u0442\u0430"},"schema":{"@context":"https:\/\/schema.org","@graph":[{"@type":"WebPage","@id":"https:\/\/estadesign.ee\/ru\/privaatsuspoliitika\/","url":"https:\/\/estadesign.ee\/ru\/privaatsuspoliitika\/","name":"\u041f\u043e\u043b\u0438\u0442\u0438\u043a\u0430 \u043f\u0440\u0438\u0432\u0430\u0442\u043d\u043e\u0441\u0442\u0438 - Estadesign","isPartOf":{"@id":"https:\/\/estadesign.ee\/ru\/#website"},"datePublished":"2025-09-12T10:09:42+00:00","dateModified":"2025-09-26T07:57:42+00:00","breadcrumb":{"@id":"https:\/\/estadesign.ee\/ru\/privaatsuspoliitika\/#breadcrumb"},"inLanguage":"ru-RU","potentialAction":[{"@type":"ReadAction","target":["https:\/\/estadesign.ee\/ru\/privaatsuspoliitika\/"]}]},{"@type":"BreadcrumbList","@id":"https:\/\/estadesign.ee\/ru\/privaatsuspoliitika\/#breadcrumb","itemListElement":[{"@type":"ListItem","position":1,"name":"Home","item":"https:\/\/estadesign.ee\/ru\/"},{"@type":"ListItem","position":2,"name":"\u041f\u043e\u043b\u0438\u0442\u0438\u043a\u0430 \u043f\u0440\u0438\u0432\u0430\u0442\u043d\u043e\u0441\u0442\u0438"}]},{"@type":"WebSite","@id":"https:\/\/estadesign.ee\/ru\/#website","url":"https:\/\/estadesign.ee\/ru\/","name":"Estadesign","description":"","publisher":{"@id":"https:\/\/estadesign.ee\/ru\/#organization"},"potentialAction":[{"@type":"SearchAction","target":{"@type":"EntryPoint","urlTemplate":"https:\/\/estadesign.ee\/ru\/?s={search_term_string}"},"query-input":{"@type":"PropertyValueSpecification","valueRequired":true,"valueName":"search_term_string"}}],"inLanguage":"ru-RU"},{"@type":"Organization","@id":"https:\/\/estadesign.ee\/ru\/#organization","name":"Estadesign","url":"https:\/\/estadesign.ee\/ru\/","logo":{"@type":"ImageObject","inLanguage":"ru-RU","@id":"https:\/\/estadesign.ee\/ru\/#\/schema\/logo\/image\/","url":"https:\/\/estadesign.ee\/wp-content\/uploads\/2025\/09\/logo.svg","contentUrl":"https:\/\/estadesign.ee\/wp-content\/uploads\/2025\/09\/logo.svg","caption":"Estadesign"},"image":{"@id":"https:\/\/estadesign.ee\/ru\/#\/schema\/logo\/image\/"}}]}},"_links":{"self":[{"href":"https:\/\/estadesign.ee\/ru\/wp-json\/wp\/v2\/pages\/8299","targetHints":{"allow":["GET"]}}],"collection":[{"href":"https:\/\/estadesign.ee\/ru\/wp-json\/wp\/v2\/pages"}],"about":[{"href":"https:\/\/estadesign.ee\/ru\/wp-json\/wp\/v2\/types\/page"}],"author":[{"embeddable":true,"href":"https:\/\/estadesign.ee\/ru\/wp-json\/wp\/v2\/users\/5"}],"replies":[{"embeddable":true,"href":"https:\/\/estadesign.ee\/ru\/wp-json\/wp\/v2\/comments?post=8299"}],"version-history":[{"count":7,"href":"https:\/\/estadesign.ee\/ru\/wp-json\/wp\/v2\/pages\/8299\/revisions"}],"predecessor-version":[{"id":8339,"href":"https:\/\/estadesign.ee\/ru\/wp-json\/wp\/v2\/pages\/8299\/revisions\/8339"}],"wp:attachment":[{"href":"https:\/\/estadesign.ee\/ru\/wp-json\/wp\/v2\/media?parent=8299"}],"curies":[{"name":"wp","href":"https:\/\/api.w.org\/{rel}","templated":true}]}}