{"id":8305,"date":"2025-09-12T10:48:14","date_gmt":"2025-09-12T10:48:14","guid":{"rendered":"https:\/\/estadesign.ee\/muugitingimused\/"},"modified":"2025-09-26T09:47:46","modified_gmt":"2025-09-26T09:47:46","slug":"muugitingimused","status":"publish","type":"page","link":"https:\/\/estadesign.ee\/ru\/muugitingimused\/","title":{"rendered":"\u0423\u0441\u043b\u043e\u0432\u0438\u044f \u043f\u0440\u043e\u0434\u0430\u0436\u0438"},"content":{"rendered":"\t\t<div data-elementor-type=\"wp-page\" data-elementor-id=\"8305\" class=\"elementor elementor-8305 elementor-7324\" data-elementor-post-type=\"page\">\n\t\t\t\t<div class=\"elementor-element elementor-element-ed8ad97 e-flex e-con-boxed e-con e-parent\" data-id=\"ed8ad97\" data-element_type=\"container\" data-settings=\"{&quot;background_background&quot;:&quot;classic&quot;}\">\n\t\t\t\t\t<div class=\"e-con-inner\">\n\t\t\t\t<div class=\"elementor-element elementor-element-46c3a01 elementor-widget elementor-widget-heading\" data-id=\"46c3a01\" data-element_type=\"widget\" data-widget_type=\"heading.default\">\n\t\t\t\t\t<h2 class=\"elementor-heading-title elementor-size-default\">M\u00fc\u00fcgitingimused<\/h2>\t\t\t\t<\/div>\n\t\t\t\t<div class=\"elementor-element elementor-element-54483ca elementor-widget elementor-widget-text-editor\" data-id=\"54483ca\" data-element_type=\"widget\" data-widget_type=\"text-editor.default\">\n\t\t\t\t\t\t\t\t\t<p>K\u00e4esolevad tingimused reguleerivad kaupade ostuprotsessi veebilehel www.estadesign.ee. <\/p><p>M\u00fc\u00fcjaks on Technomar &amp; Adrem AS (registrikood 10087171)<\/p><p>Aadress: Vana-Narva mnt. 22, 74114 Maardu, Estonia <\/p><p>E-posti aadress: info@estadesign.ee.<\/p><p> <\/p><p><strong>Tellimust vormistades n\u00f5ustub ostja k\u00e4esolevate tingimustega.<\/strong><\/p><p><strong> <\/strong><\/p><p> <\/p><p><strong>1. \u00dcldtingimused<\/strong><\/p><p>1.1. M\u00fc\u00fcgitingimused kehtivad k\u00f5igile klientidele, kes kasutavad veebilehte www.estadesign.ee.<br>1.2. M\u00fc\u00fcjal on \u00f5igus muuta tingimusi ja hindu ette teatamata. Muudatused j\u00f5ustuvad nende avaldamise hetkest veebilehel.<br>1.3. K\u00f5ik hinnad on esitatud eurodes (EUR) ja sisaldavad k\u00e4ibemaksu (KM), kui pole m\u00e4rgitud teisiti.<br>1.4. Tingimused on koostatud vastavalt Eesti Vabariigi seadusandlusele.    <\/p><p> <\/p><p><strong>2. Hinnad ja tellimuse vormistamine<\/strong><\/p><p>2.1. Kaupade hinnad on m\u00e4rgitud veebilehel ja v\u00f5ivad muutuda kampaaniate v\u00f5i muude turundusmeetmete raames.<br>2.2. Ostja on kohustatud esitama tellimuse vormistamisel korrektsed andmed: nimi, tarneaadress, telefoninumber ja e-posti aadress. M\u00fc\u00fcja ei vastuta ostja poolt tehtud vigade eest.<br>2.3. P\u00e4rast tellimuse vormistamist saab ostja e-posti teel tellimuse kinnituse. Kui kinnitust ei saadeta, peab ostja v\u00f5tma \u00fchendust m\u00fc\u00fcjaga.<br>2.4. Ostuleping j\u00f5ustub alates makse laekumisest m\u00fc\u00fcja arvele.<br>2.5. Tellimus loetakse kinnitatuks p\u00e4rast seda, kui m\u00fc\u00fcja on saatnud teate tellimuse vastuv\u00f5tmise kohta.      <\/p><p> <\/p><p><strong>3. Maksmisviisid<\/strong><\/p><p>3.1. Makseid aktsepteeritakse panga\u00fclekande, elektrooniliste maksete v\u00f5i muude veebilehel saadaval olevate meetodite kaudu. Maksete t\u00f6\u00f6tlemist vahendab usaldusv\u00e4\u00e4rne maksete pakkuja Maksekeskus AS.<br>3.2. Makse tuleb teha eurodes (EUR).<br>3.3. Panga\u00fclekande korral tuleb m\u00e4rkustesse lisada tellimuse number.   <\/p><p> <\/p><p><strong>4. Tarne<\/strong><\/p><p>4.1. Kaup toimetatakse kohale ostja poolt tellimuse vormistamisel m\u00e4rgitud aadressile.<br>4.2. Tarneaeg on 3 kuni 7 t\u00f6\u00f6p\u00e4eva alates tellimuse kinnitamisest, kui pole m\u00e4rgitud teisiti.<br>4.3. Tarnekulud s\u00f5ltuvad valitud tarneviisist ja kuvatakse tellimuse vormistamisel.<br>4.4. M\u00fc\u00fcja ei vastuta tarneviivituste eest, mis on p\u00f5hjustatud transpordiettev\u00f5tetest v\u00f5i muudest m\u00fc\u00fcjast s\u00f5ltumatutest asjaoludest.<br>4.5. Ostja peab kauba k\u00e4ttesaamisel kontrollima selle seisukorda. Pakendi kahjustuste korral tuleb koostada vastav akt ja teavitada m\u00fc\u00fcjat.     <\/p><p> <\/p><p><strong>5. Taganemis\u00f5igus<\/strong><\/p><p>5.1. Ostjal on \u00f5igus kaup tagastada 14 p\u00e4eva jooksul alates kauba k\u00e4ttesaamisest.<br>5.2. Pakendi avamine toote \u00fclevaatamiseks ei loeta kauba kasutamiseks ja see ei t\u00fchista tagastamis\u00f5igust.<br>5.3. Tagastatav kaup peab olema algses seisukorras, sobilik edasim\u00fc\u00fcgiks.<br>5.4. Tagastamiseks tuleb saata avaldus e-posti aadressile info@estadesign.ee.<br>5.5. M\u00fc\u00fcja tagastab kauba maksumuse ja algsed tarnekulud, v\u00e4lja arvatud juhul, kui ostja valis kallima tarneviisi kui m\u00fc\u00fcja pakutud tavaline tarneviis.<br>5.6. Tagastamisega seotud kulud katab ostja, v\u00e4lja arvatud juhul, kui tagastamine toimub defektse kauba t\u00f5ttu.     <\/p><p> <\/p><p><strong>6. Raha tagastamine<\/strong><\/p><p>6.1. Raha tagastatakse 14 p\u00e4eva jooksul alates tagastatud kauba k\u00e4ttesaamisest.<br>6.2. Tagastus tehakse samale kontole, millelt makse laekus. <\/p><p> <\/p><p><strong>7. Garantii<\/strong><\/p><p>7.1. Kaupadele kehtib garantii vastavalt Eesti Vabariigi seadustele.<br>7.2. Garantii ei kehti, kui kahju on p\u00f5hjustatud valest kasutamisest v\u00f5i loomulikust kulumisest.<br>7.3. Defekti korral peab ostja teavitama m\u00fc\u00fcjat e-posti teel aadressil info@estadesign.ee.  <\/p><p> <\/p><p><strong>8. Poolte vastutus<\/strong><\/p><p>8.1. M\u00fc\u00fcja ei vastuta kahjude eest, mis on p\u00f5hjustatud kauba valest kasutamisest.<br>8.2. M\u00fc\u00fcja ei vastuta viivituste ega kohustuste t\u00e4itmata j\u00e4tmise eest, mis on p\u00f5hjustatud v\u00e4\u00e4ramatust j\u00f5ust. <\/p><p> <\/p><p><strong>9. Isikuandmete kaitse<\/strong><\/p><p>9.1. M\u00fc\u00fcja kohustub kaitsma ostja isikuandmeid ja kasutama neid ainult tellimuse t\u00e4itmiseks.<br>9.2. Ostja isikuandmeid ei avaldata kolmandatele osapooltele, v\u00e4lja arvatud seadusega ette n\u00e4htud juhtudel. <\/p><p> <\/p><p><strong>10. Vaidluste lahendamine<\/strong><\/p><p>10.1. K\u00f5ik vaidlused lahendatakse l\u00e4bir\u00e4\u00e4kimiste teel.<br>10.2. Kui kokkuleppele ei j\u00f5uta, lahendatakse vaidlused Eesti kohtus. <\/p><p> <\/p><p><strong>11. V\u00e4\u00e4ramatu j\u00f5ud<\/strong><\/p><p>11.1. M\u00fc\u00fcja ei vastuta viivituste ega kahjude eest, mis on p\u00f5hjustatud v\u00e4\u00e4ramatust j\u00f5ust.<\/p><p> <\/p><p><strong>12. L\u00f5pps\u00e4tted<\/strong><\/p><p>12.1. M\u00fc\u00fcgitingimused on koostatud vastavalt Eesti Vabariigi seadustele.<br>12.2. Tellimuse vormistamisega kinnitab ostja, et n\u00f5ustub k\u00e4esolevate tingimustega. <\/p>\t\t\t\t\t\t\t\t<\/div>\n\t\t\t\t\t<\/div>\n\t\t\t\t<\/div>\n\t\t\t\t<\/div>\n\t\t","protected":false},"excerpt":{"rendered":"<p>M\u00fc\u00fcgitingimused K\u00e4esolevad tingimused reguleerivad kaupade ostuprotsessi veebilehel www.estadesign.ee. M\u00fc\u00fcjaks on Technomar &amp; Adrem AS (registrikood 10087171) Aadress: Vana-Narva mnt. 22, 74114 Maardu, Estonia E-posti aadress: info@estadesign.ee. Tellimust vormistades n\u00f5ustub ostja k\u00e4esolevate tingimustega. 1. \u00dcldtingimused 1.1. M\u00fc\u00fcgitingimused kehtivad k\u00f5igile klientidele, kes kasutavad veebilehte www.estadesign.ee.1.2. M\u00fc\u00fcjal on \u00f5igus muuta tingimusi ja hindu ette teatamata. Muudatused j\u00f5ustuvad nende [&#8230;]<\/p>\n<p><a class=\"btn btn-secondary understrap-read-more-link\" href=\"https:\/\/estadesign.ee\/ru\/muugitingimused\/\">Read More&#8230;<span class=\"screen-reader-text\"> from \u0423\u0441\u043b\u043e\u0432\u0438\u044f \u043f\u0440\u043e\u0434\u0430\u0436\u0438<\/span><\/a><\/p>\n","protected":false},"author":5,"featured_media":0,"parent":0,"menu_order":0,"comment_status":"closed","ping_status":"closed","template":"","meta":{"_acf_changed":false,"footnotes":""},"class_list":["post-8305","page","type-page","status-publish","hentry"],"acf":[],"yoast_head":"<!-- This site is optimized with the Yoast SEO plugin v27.4 - https:\/\/yoast.com\/product\/yoast-seo-wordpress\/ -->\n<title>\u0423\u0441\u043b\u043e\u0432\u0438\u044f \u043f\u0440\u043e\u0434\u0430\u0436\u0438 - Estadesign<\/title>\n<meta name=\"robots\" content=\"index, follow, max-snippet:-1, max-image-preview:large, max-video-preview:-1\" \/>\n<link rel=\"canonical\" href=\"https:\/\/estadesign.ee\/ru\/muugitingimused\/\" \/>\n<meta property=\"og:locale\" content=\"ru_RU\" \/>\n<meta property=\"og:type\" content=\"article\" \/>\n<meta property=\"og:title\" content=\"\u0423\u0441\u043b\u043e\u0432\u0438\u044f \u043f\u0440\u043e\u0434\u0430\u0436\u0438 - Estadesign\" \/>\n<meta property=\"og:description\" content=\"M\u00fc\u00fcgitingimused K\u00e4esolevad tingimused reguleerivad kaupade ostuprotsessi veebilehel www.estadesign.ee. M\u00fc\u00fcjaks on Technomar &amp; Adrem AS (registrikood 10087171) Aadress: Vana-Narva mnt. 22, 74114 Maardu, Estonia E-posti aadress: info@estadesign.ee. Tellimust vormistades n\u00f5ustub ostja k\u00e4esolevate tingimustega. 1. \u00dcldtingimused 1.1. M\u00fc\u00fcgitingimused kehtivad k\u00f5igile klientidele, kes kasutavad veebilehte www.estadesign.ee.1.2. M\u00fc\u00fcjal on \u00f5igus muuta tingimusi ja hindu ette teatamata. Muudatused j\u00f5ustuvad nende [...]Read More... from \u0423\u0441\u043b\u043e\u0432\u0438\u044f \u043f\u0440\u043e\u0434\u0430\u0436\u0438\" \/>\n<meta property=\"og:url\" content=\"https:\/\/estadesign.ee\/ru\/muugitingimused\/\" \/>\n<meta property=\"og:site_name\" content=\"Estadesign\" \/>\n<meta property=\"article:modified_time\" content=\"2025-09-26T09:47:46+00:00\" \/>\n<meta name=\"twitter:card\" content=\"summary_large_image\" \/>\n<meta name=\"twitter:label1\" content=\"\u041f\u0440\u0438\u043c\u0435\u0440\u043d\u043e\u0435 \u0432\u0440\u0435\u043c\u044f \u0434\u043b\u044f \u0447\u0442\u0435\u043d\u0438\u044f\" \/>\n\t<meta name=\"twitter:data1\" content=\"3 \u043c\u0438\u043d\u0443\u0442\u044b\" \/>\n<!-- \/ Yoast SEO plugin. -->","yoast_head_json":{"title":"\u0423\u0441\u043b\u043e\u0432\u0438\u044f \u043f\u0440\u043e\u0434\u0430\u0436\u0438 - Estadesign","robots":{"index":"index","follow":"follow","max-snippet":"max-snippet:-1","max-image-preview":"max-image-preview:large","max-video-preview":"max-video-preview:-1"},"canonical":"https:\/\/estadesign.ee\/ru\/muugitingimused\/","og_locale":"ru_RU","og_type":"article","og_title":"\u0423\u0441\u043b\u043e\u0432\u0438\u044f \u043f\u0440\u043e\u0434\u0430\u0436\u0438 - Estadesign","og_description":"M\u00fc\u00fcgitingimused K\u00e4esolevad tingimused reguleerivad kaupade ostuprotsessi veebilehel www.estadesign.ee. M\u00fc\u00fcjaks on Technomar &amp; Adrem AS (registrikood 10087171) Aadress: Vana-Narva mnt. 22, 74114 Maardu, Estonia E-posti aadress: info@estadesign.ee. Tellimust vormistades n\u00f5ustub ostja k\u00e4esolevate tingimustega. 1. \u00dcldtingimused 1.1. M\u00fc\u00fcgitingimused kehtivad k\u00f5igile klientidele, kes kasutavad veebilehte www.estadesign.ee.1.2. M\u00fc\u00fcjal on \u00f5igus muuta tingimusi ja hindu ette teatamata. Muudatused j\u00f5ustuvad nende [...]Read More... from \u0423\u0441\u043b\u043e\u0432\u0438\u044f \u043f\u0440\u043e\u0434\u0430\u0436\u0438","og_url":"https:\/\/estadesign.ee\/ru\/muugitingimused\/","og_site_name":"Estadesign","article_modified_time":"2025-09-26T09:47:46+00:00","twitter_card":"summary_large_image","twitter_misc":{"\u041f\u0440\u0438\u043c\u0435\u0440\u043d\u043e\u0435 \u0432\u0440\u0435\u043c\u044f \u0434\u043b\u044f \u0447\u0442\u0435\u043d\u0438\u044f":"3 \u043c\u0438\u043d\u0443\u0442\u044b"},"schema":{"@context":"https:\/\/schema.org","@graph":[{"@type":"WebPage","@id":"https:\/\/estadesign.ee\/ru\/muugitingimused\/","url":"https:\/\/estadesign.ee\/ru\/muugitingimused\/","name":"\u0423\u0441\u043b\u043e\u0432\u0438\u044f \u043f\u0440\u043e\u0434\u0430\u0436\u0438 - Estadesign","isPartOf":{"@id":"https:\/\/estadesign.ee\/ru\/#website"},"datePublished":"2025-09-12T10:48:14+00:00","dateModified":"2025-09-26T09:47:46+00:00","breadcrumb":{"@id":"https:\/\/estadesign.ee\/ru\/muugitingimused\/#breadcrumb"},"inLanguage":"ru-RU","potentialAction":[{"@type":"ReadAction","target":["https:\/\/estadesign.ee\/ru\/muugitingimused\/"]}]},{"@type":"BreadcrumbList","@id":"https:\/\/estadesign.ee\/ru\/muugitingimused\/#breadcrumb","itemListElement":[{"@type":"ListItem","position":1,"name":"Home","item":"https:\/\/estadesign.ee\/ru\/"},{"@type":"ListItem","position":2,"name":"\u0423\u0441\u043b\u043e\u0432\u0438\u044f \u043f\u0440\u043e\u0434\u0430\u0436\u0438"}]},{"@type":"WebSite","@id":"https:\/\/estadesign.ee\/ru\/#website","url":"https:\/\/estadesign.ee\/ru\/","name":"Estadesign","description":"","publisher":{"@id":"https:\/\/estadesign.ee\/ru\/#organization"},"potentialAction":[{"@type":"SearchAction","target":{"@type":"EntryPoint","urlTemplate":"https:\/\/estadesign.ee\/ru\/?s={search_term_string}"},"query-input":{"@type":"PropertyValueSpecification","valueRequired":true,"valueName":"search_term_string"}}],"inLanguage":"ru-RU"},{"@type":"Organization","@id":"https:\/\/estadesign.ee\/ru\/#organization","name":"Estadesign","url":"https:\/\/estadesign.ee\/ru\/","logo":{"@type":"ImageObject","inLanguage":"ru-RU","@id":"https:\/\/estadesign.ee\/ru\/#\/schema\/logo\/image\/","url":"https:\/\/estadesign.ee\/wp-content\/uploads\/2025\/09\/logo.svg","contentUrl":"https:\/\/estadesign.ee\/wp-content\/uploads\/2025\/09\/logo.svg","caption":"Estadesign"},"image":{"@id":"https:\/\/estadesign.ee\/ru\/#\/schema\/logo\/image\/"}}]}},"_links":{"self":[{"href":"https:\/\/estadesign.ee\/ru\/wp-json\/wp\/v2\/pages\/8305","targetHints":{"allow":["GET"]}}],"collection":[{"href":"https:\/\/estadesign.ee\/ru\/wp-json\/wp\/v2\/pages"}],"about":[{"href":"https:\/\/estadesign.ee\/ru\/wp-json\/wp\/v2\/types\/page"}],"author":[{"embeddable":true,"href":"https:\/\/estadesign.ee\/ru\/wp-json\/wp\/v2\/users\/5"}],"replies":[{"embeddable":true,"href":"https:\/\/estadesign.ee\/ru\/wp-json\/wp\/v2\/comments?post=8305"}],"version-history":[{"count":6,"href":"https:\/\/estadesign.ee\/ru\/wp-json\/wp\/v2\/pages\/8305\/revisions"}],"predecessor-version":[{"id":8417,"href":"https:\/\/estadesign.ee\/ru\/wp-json\/wp\/v2\/pages\/8305\/revisions\/8417"}],"wp:attachment":[{"href":"https:\/\/estadesign.ee\/ru\/wp-json\/wp\/v2\/media?parent=8305"}],"curies":[{"name":"wp","href":"https:\/\/api.w.org\/{rel}","templated":true}]}}