{"id":8310,"date":"2025-09-12T10:24:08","date_gmt":"2025-09-12T10:24:08","guid":{"rendered":"https:\/\/estadesign.ee\/toote-hooldus\/"},"modified":"2025-09-26T08:00:26","modified_gmt":"2025-09-26T08:00:26","slug":"toote-hooldus","status":"publish","type":"page","link":"https:\/\/estadesign.ee\/ru\/toote-hooldus\/","title":{"rendered":"\u0423\u0445\u043e\u0434 \u0437\u0430 \u0438\u0437\u0434\u0435\u043b\u0438\u0435\u043c"},"content":{"rendered":"\t\t<div data-elementor-type=\"wp-page\" data-elementor-id=\"8310\" class=\"elementor elementor-8310 elementor-7309\" data-elementor-post-type=\"page\">\n\t\t\t\t<div class=\"elementor-element elementor-element-eb1beec e-flex e-con-boxed e-con e-parent\" data-id=\"eb1beec\" data-element_type=\"container\">\n\t\t\t\t\t<div class=\"e-con-inner\">\n\t\t\t\t<div class=\"elementor-element elementor-element-90e8de8 elementor-widget elementor-widget-heading\" data-id=\"90e8de8\" data-element_type=\"widget\" data-widget_type=\"heading.default\">\n\t\t\t\t\t<h2 class=\"elementor-heading-title elementor-size-default\">toote hooldus<\/h2>\t\t\t\t<\/div>\n\t\t\t\t<div class=\"elementor-element elementor-element-5211a76 elementor-widget elementor-widget-text-editor\" data-id=\"5211a76\" data-element_type=\"widget\" data-widget_type=\"text-editor.default\">\n\t\t\t\t\t\t\t\t\t<p><strong>Miks hooldus on oluline? <\/strong><\/p><p>T\u00e4ispuidust m\u00f6\u00f6bel on loodustoode &#8211; iga laud, riiul v\u00f5i voodi on ainulaadne. Puit hingab, reageerib \u00f5huniiskusele ja temperatuurile. \u00d5ige hooldus tagab m\u00f6\u00f6bli ilu ja vastupidavuse aastak\u00fcmneteks.  <\/p><p> <\/p><p><strong>Paigaldamine<\/strong><strong> ja<\/strong><strong> ruumitingimused<\/strong><\/p><p><strong style=\"color: inherit; font-family: inherit; font-size: inherit;\"> <\/strong><\/p><ul><li>Paigaldage m\u00f6\u00f6bel kuiva ja stabiilse sisekliimaga ruumi (niiskus 40-60%).<\/li><li>\u00c4rge paigutage toodet k\u00fcttekollete, radiaatorite, kaminate v\u00f5i soojuspumpade l\u00e4hedusse.<\/li><li>V\u00e4ltige v\u00e4ga niiskeid ruume (saunad, vannitoad, garaa\u017eid).<\/li><\/ul><div> <\/div><p><strong>Igap\u00e4evane hooldus <\/strong><\/p><p><strong> <\/strong><\/p><ul><li>P\u00fchkige tolmu ja mustust pehme niiske lapiga.<\/li><li>\u00c4rge kasutage abrasiivseid vahendeid ega ammoniaaki sisaldavaid puhastusvahendeid.<\/li><li>V\u00e4ikesed plekid saab eemaldada kergelt niiske lapi v\u00f5i spetsiaalse puidupuhastusvahendiga.<\/li><\/ul><div> <\/div><p><strong>Pinna v\u00e4rskendamine <\/strong><\/p><p><strong> <\/strong><\/p><ul><li>\u00d5liviimistlusega m\u00f6\u00f6blit soovitame t\u00f6\u00f6delda \u00f5liga iga 6-12 kuu tagant.<\/li><li>Enne \u00f5litamist v\u00f5ib pinda kergelt lihvida, et taastada siledus.<\/li><\/ul><div> <\/div><p><strong>Puit<\/strong><strong> on<\/strong><strong> elav<\/strong><strong> materjal<\/strong><\/p><p><strong> <\/strong><\/p><ul><li>V\u00e4ikesed praod, toonierinevused v\u00f5i m\u00f5\u00f5tmete muutused on t\u00e4iesti loomulikud.<\/li><li>Niiskuse suurenemisel v\u00f5ib puit paisuda, kuivemates tingimustes t\u00f5mbuda kokku.<\/li><li>Need muutused ei m\u00f5juta m\u00f6\u00f6bli tugevust ega kasutuskindlust.<\/li><\/ul><p>\u201eHoia, hoolda ja naudi t\u00e4ispuidust m\u00f6\u00f6bli k\u00f5iki eeliseid.\u201c<\/p><p> <\/p>\t\t\t\t\t\t\t\t<\/div>\n\t\t\t\t\t<\/div>\n\t\t\t\t<\/div>\n\t\t\t\t<\/div>\n\t\t","protected":false},"excerpt":{"rendered":"<p>toote hooldus Miks hooldus on oluline? T\u00e4ispuidust m\u00f6\u00f6bel on loodustoode &#8211; iga laud, riiul v\u00f5i voodi on ainulaadne. Puit hingab, reageerib \u00f5huniiskusele ja temperatuurile. \u00d5ige hooldus tagab m\u00f6\u00f6bli ilu ja vastupidavuse aastak\u00fcmneteks. Paigaldamine ja ruumitingimused Paigaldage m\u00f6\u00f6bel kuiva ja stabiilse sisekliimaga ruumi (niiskus 40-60%). \u00c4rge paigutage toodet k\u00fcttekollete, radiaatorite, kaminate v\u00f5i soojuspumpade l\u00e4hedusse. V\u00e4ltige v\u00e4ga [&#8230;]<\/p>\n<p><a class=\"btn btn-secondary understrap-read-more-link\" href=\"https:\/\/estadesign.ee\/ru\/toote-hooldus\/\">Read More&#8230;<span class=\"screen-reader-text\"> from \u0423\u0445\u043e\u0434 \u0437\u0430 \u0438\u0437\u0434\u0435\u043b\u0438\u0435\u043c<\/span><\/a><\/p>\n","protected":false},"author":5,"featured_media":0,"parent":0,"menu_order":0,"comment_status":"closed","ping_status":"closed","template":"","meta":{"_acf_changed":false,"footnotes":""},"class_list":["post-8310","page","type-page","status-publish","hentry"],"acf":[],"yoast_head":"<!-- This site is optimized with the Yoast SEO plugin v27.4 - https:\/\/yoast.com\/product\/yoast-seo-wordpress\/ -->\n<title>\u0423\u0445\u043e\u0434 \u0437\u0430 \u0438\u0437\u0434\u0435\u043b\u0438\u0435\u043c - Estadesign<\/title>\n<meta name=\"robots\" content=\"index, follow, max-snippet:-1, max-image-preview:large, max-video-preview:-1\" \/>\n<link rel=\"canonical\" href=\"https:\/\/estadesign.ee\/ru\/toote-hooldus\/\" \/>\n<meta property=\"og:locale\" content=\"ru_RU\" \/>\n<meta property=\"og:type\" content=\"article\" \/>\n<meta property=\"og:title\" content=\"\u0423\u0445\u043e\u0434 \u0437\u0430 \u0438\u0437\u0434\u0435\u043b\u0438\u0435\u043c - Estadesign\" \/>\n<meta property=\"og:description\" content=\"toote hooldus Miks hooldus on oluline? T\u00e4ispuidust m\u00f6\u00f6bel on loodustoode &#8211; iga laud, riiul v\u00f5i voodi on ainulaadne. Puit hingab, reageerib \u00f5huniiskusele ja temperatuurile. \u00d5ige hooldus tagab m\u00f6\u00f6bli ilu ja vastupidavuse aastak\u00fcmneteks. Paigaldamine ja ruumitingimused Paigaldage m\u00f6\u00f6bel kuiva ja stabiilse sisekliimaga ruumi (niiskus 40-60%). \u00c4rge paigutage toodet k\u00fcttekollete, radiaatorite, kaminate v\u00f5i soojuspumpade l\u00e4hedusse. V\u00e4ltige v\u00e4ga [...]Read More... from \u0423\u0445\u043e\u0434 \u0437\u0430 \u0438\u0437\u0434\u0435\u043b\u0438\u0435\u043c\" \/>\n<meta property=\"og:url\" content=\"https:\/\/estadesign.ee\/ru\/toote-hooldus\/\" \/>\n<meta property=\"og:site_name\" content=\"Estadesign\" \/>\n<meta property=\"article:modified_time\" content=\"2025-09-26T08:00:26+00:00\" \/>\n<meta name=\"twitter:card\" content=\"summary_large_image\" \/>\n<meta name=\"twitter:label1\" content=\"\u041f\u0440\u0438\u043c\u0435\u0440\u043d\u043e\u0435 \u0432\u0440\u0435\u043c\u044f \u0434\u043b\u044f \u0447\u0442\u0435\u043d\u0438\u044f\" \/>\n\t<meta name=\"twitter:data1\" content=\"1 \u043c\u0438\u043d\u0443\u0442\u0430\" \/>\n<!-- \/ Yoast SEO plugin. -->","yoast_head_json":{"title":"\u0423\u0445\u043e\u0434 \u0437\u0430 \u0438\u0437\u0434\u0435\u043b\u0438\u0435\u043c - Estadesign","robots":{"index":"index","follow":"follow","max-snippet":"max-snippet:-1","max-image-preview":"max-image-preview:large","max-video-preview":"max-video-preview:-1"},"canonical":"https:\/\/estadesign.ee\/ru\/toote-hooldus\/","og_locale":"ru_RU","og_type":"article","og_title":"\u0423\u0445\u043e\u0434 \u0437\u0430 \u0438\u0437\u0434\u0435\u043b\u0438\u0435\u043c - Estadesign","og_description":"toote hooldus Miks hooldus on oluline? T\u00e4ispuidust m\u00f6\u00f6bel on loodustoode &#8211; iga laud, riiul v\u00f5i voodi on ainulaadne. Puit hingab, reageerib \u00f5huniiskusele ja temperatuurile. \u00d5ige hooldus tagab m\u00f6\u00f6bli ilu ja vastupidavuse aastak\u00fcmneteks. Paigaldamine ja ruumitingimused Paigaldage m\u00f6\u00f6bel kuiva ja stabiilse sisekliimaga ruumi (niiskus 40-60%). \u00c4rge paigutage toodet k\u00fcttekollete, radiaatorite, kaminate v\u00f5i soojuspumpade l\u00e4hedusse. V\u00e4ltige v\u00e4ga [...]Read More... from \u0423\u0445\u043e\u0434 \u0437\u0430 \u0438\u0437\u0434\u0435\u043b\u0438\u0435\u043c","og_url":"https:\/\/estadesign.ee\/ru\/toote-hooldus\/","og_site_name":"Estadesign","article_modified_time":"2025-09-26T08:00:26+00:00","twitter_card":"summary_large_image","twitter_misc":{"\u041f\u0440\u0438\u043c\u0435\u0440\u043d\u043e\u0435 \u0432\u0440\u0435\u043c\u044f \u0434\u043b\u044f \u0447\u0442\u0435\u043d\u0438\u044f":"1 \u043c\u0438\u043d\u0443\u0442\u0430"},"schema":{"@context":"https:\/\/schema.org","@graph":[{"@type":"WebPage","@id":"https:\/\/estadesign.ee\/ru\/toote-hooldus\/","url":"https:\/\/estadesign.ee\/ru\/toote-hooldus\/","name":"\u0423\u0445\u043e\u0434 \u0437\u0430 \u0438\u0437\u0434\u0435\u043b\u0438\u0435\u043c - Estadesign","isPartOf":{"@id":"https:\/\/estadesign.ee\/ru\/#website"},"datePublished":"2025-09-12T10:24:08+00:00","dateModified":"2025-09-26T08:00:26+00:00","breadcrumb":{"@id":"https:\/\/estadesign.ee\/ru\/toote-hooldus\/#breadcrumb"},"inLanguage":"ru-RU","potentialAction":[{"@type":"ReadAction","target":["https:\/\/estadesign.ee\/ru\/toote-hooldus\/"]}]},{"@type":"BreadcrumbList","@id":"https:\/\/estadesign.ee\/ru\/toote-hooldus\/#breadcrumb","itemListElement":[{"@type":"ListItem","position":1,"name":"Home","item":"https:\/\/estadesign.ee\/ru\/"},{"@type":"ListItem","position":2,"name":"\u0423\u0445\u043e\u0434 \u0437\u0430 \u0438\u0437\u0434\u0435\u043b\u0438\u0435\u043c"}]},{"@type":"WebSite","@id":"https:\/\/estadesign.ee\/ru\/#website","url":"https:\/\/estadesign.ee\/ru\/","name":"Estadesign","description":"","publisher":{"@id":"https:\/\/estadesign.ee\/ru\/#organization"},"potentialAction":[{"@type":"SearchAction","target":{"@type":"EntryPoint","urlTemplate":"https:\/\/estadesign.ee\/ru\/?s={search_term_string}"},"query-input":{"@type":"PropertyValueSpecification","valueRequired":true,"valueName":"search_term_string"}}],"inLanguage":"ru-RU"},{"@type":"Organization","@id":"https:\/\/estadesign.ee\/ru\/#organization","name":"Estadesign","url":"https:\/\/estadesign.ee\/ru\/","logo":{"@type":"ImageObject","inLanguage":"ru-RU","@id":"https:\/\/estadesign.ee\/ru\/#\/schema\/logo\/image\/","url":"https:\/\/estadesign.ee\/wp-content\/uploads\/2025\/09\/logo.svg","contentUrl":"https:\/\/estadesign.ee\/wp-content\/uploads\/2025\/09\/logo.svg","caption":"Estadesign"},"image":{"@id":"https:\/\/estadesign.ee\/ru\/#\/schema\/logo\/image\/"}}]}},"_links":{"self":[{"href":"https:\/\/estadesign.ee\/ru\/wp-json\/wp\/v2\/pages\/8310","targetHints":{"allow":["GET"]}}],"collection":[{"href":"https:\/\/estadesign.ee\/ru\/wp-json\/wp\/v2\/pages"}],"about":[{"href":"https:\/\/estadesign.ee\/ru\/wp-json\/wp\/v2\/types\/page"}],"author":[{"embeddable":true,"href":"https:\/\/estadesign.ee\/ru\/wp-json\/wp\/v2\/users\/5"}],"replies":[{"embeddable":true,"href":"https:\/\/estadesign.ee\/ru\/wp-json\/wp\/v2\/comments?post=8310"}],"version-history":[{"count":3,"href":"https:\/\/estadesign.ee\/ru\/wp-json\/wp\/v2\/pages\/8310\/revisions"}],"predecessor-version":[{"id":8343,"href":"https:\/\/estadesign.ee\/ru\/wp-json\/wp\/v2\/pages\/8310\/revisions\/8343"}],"wp:attachment":[{"href":"https:\/\/estadesign.ee\/ru\/wp-json\/wp\/v2\/media?parent=8310"}],"curies":[{"name":"wp","href":"https:\/\/api.w.org\/{rel}","templated":true}]}}